{"id":5,"date":"2010-02-02T15:43:28","date_gmt":"2010-02-02T15:43:28","guid":{"rendered":"http:\/\/frimann.l\/?page_id=5"},"modified":"2024-05-25T09:41:55","modified_gmt":"2024-05-25T08:41:55","slug":"forside","status":"publish","type":"page","link":"https:\/\/www.kanoekspressen.dk\/","title":{"rendered":"Forside"},"content":{"rendered":"<h1>Velkommen til Kano Ekspressen<\/h1>\n<h2>&#8211; for en tryg kanotur gennem noget af det smukkeste natur i det sydlige Sverige<\/h2>\n<p>Den&nbsp;&nbsp;200 km. lange Helge \u00c5 i det sydlige Sm\u00e5land, byder p\u00e5 mange sp\u00e6ndende oplevelser. Med sin stille og til tider kraftige str\u00f8m, snor den sig ned gennem Sm\u00e5lands smukke natur, fra Garanhulta Sj\u00f6n nord for Virestad helt ned til \u00d8sters\u00f8en.<\/p>\n<p>Virestadsj\u00f6n er et godt udgangspunkt for nye eventyr, hvor man straks efter start oplever naturen helt ind til livet. Fiske\u00f8rne, hejrer, canadag\u00e6s og traner vil give dig en oplevelse udover det s\u00e6dvanlige i disse vildmarkspr\u00e6gede omr\u00e5der.<\/p>\n<p>Det der tydeligst giver vildmarkspr\u00e6get, er den forbl\u00f8ffende ro man oplever. Det meste af ruten ligger langt fra byer og trafikerede veje.<\/p>\n<p><a href=\"http:\/\/maps.google.dk\/maps\/ms?ie=UTF8&amp;t=h&amp;hl=da&amp;msa=0&amp;msid=214938658808198560444.0004859e67e7a97559362&amp;ll=56.609397,14.17305&amp;spn=0.295888,0.617294&amp;z=11\"><\/a><\/p>\n<p><a href=\"http:\/\/maps.google.dk\/maps\/ms?ie=UTF8&amp;t=h&amp;hl=da&amp;msa=0&amp;msid=214938658808198560444.0004859e67e7a97559362&amp;ll=56.609397,14.17305&amp;spn=0.295888,0.617294&amp;z=11\"><\/a><\/p>\n<p><a href=\"http:\/\/maps.google.dk\/maps\/ms?ie=UTF8&amp;t=h&amp;hl=da&amp;msa=0&amp;msid=214938658808198560444.0004859e67e7a97559362&amp;ll=56.609397,14.17305&amp;spn=0.295888,0.617294&amp;z=11\"><\/a><\/p>\n<p><a href=\"http:\/\/maps.google.dk\/maps\/ms?ie=UTF8&amp;t=h&amp;hl=da&amp;msa=0&amp;msid=214938658808198560444.0004859e67e7a97559362&amp;ll=56.609397,14.17305&amp;spn=0.295888,0.617294&amp;z=11\"><\/a><\/p>\n<p><a href=\"http:\/\/maps.google.dk\/maps\/ms?ie=UTF8&amp;t=h&amp;hl=da&amp;msa=0&amp;msid=214938658808198560444.0004859e67e7a97559362&amp;ll=56.609397,14.17305&amp;spn=0.295888,0.617294&amp;z=11\"><\/a><\/p>\n<p><a href=\"http:\/\/maps.google.dk\/maps\/ms?ie=UTF8&amp;t=h&amp;hl=da&amp;msa=0&amp;msid=214938658808198560444.0004859e67e7a97559362&amp;ll=56.609397,14.17305&amp;spn=0.295888,0.617294&amp;z=11\"><\/p>\n<h2>Beskrivelse af turen<\/h2>\n<p><\/a><a href=\"http:\/\/maps.google.dk\/maps\/ms?ie=UTF8&amp;t=h&amp;hl=da&amp;msa=0&amp;msid=214938658808198560444.0004859e67e7a97559362&amp;ll=56.609397,14.17305&amp;spn=0.295888,0.617294&amp;z=11\"><\/a><a href=\"http:\/\/maps.google.dk\/maps\/ms?ie=UTF8&amp;t=h&amp;hl=da&amp;msa=0&amp;msid=214938658808198560444.0004859e67e7a97559362&amp;ll=56.609397,14.17305&amp;spn=0.295888,0.617294&amp;z=11\"><\/a><a href=\"http:\/\/maps.google.dk\/maps\/ms?ie=UTF8&amp;t=h&amp;hl=da&amp;msa=0&amp;msid=214938658808198560444.0004859e67e7a97559362&amp;ll=56.609397,14.17305&amp;spn=0.295888,0.617294&amp;z=11\"><\/a><a href=\"http:\/\/maps.google.dk\/maps\/ms?ie=UTF8&amp;t=h&amp;hl=da&amp;msa=0&amp;msid=214938658808198560444.0004859e67e7a97559362&amp;ll=56.609397,14.17305&amp;spn=0.295888,0.617294&amp;z=11\"><\/a><a href=\"http:\/\/maps.google.dk\/maps\/ms?ie=UTF8&amp;t=h&amp;hl=da&amp;msa=0&amp;msid=214938658808198560444.0004859e67e7a97559362&amp;ll=56.609397,14.17305&amp;spn=0.295888,0.617294&amp;z=11\"><\/a><br \/>\nDen del af Helge \u00c5, som du kan sejle p\u00e5 er fra Virestad Sj\u00f6n i \u00f8st og fra Ryssby i nord. Turen veksler mellem \u00e5 og s\u00f8 og kan sejles s\u00e5 langt som til Visseltofta, som ligger i toppen af Sk\u00e5ne lige p\u00e5 den anden side af gr\u00e6nsen til Sm\u00e5land.<br \/>\nHelge \u00c5 er indbegrebet af idyl. P\u00e5 de store str\u00e6kninger befinder man sig midt i Sm\u00e5lands sk\u00f8nne natur. Langt den st\u00f8rste del af Helge \u00c5s 200 km lange l\u00f8b, ligger isoleret fra byer og trafik, hvilket giver en fantastisk ro. N\u00e5r man n\u00e6rmer sig den <a href=\"http:\/\/maps.google.dk\/maps\/ms?ie=UTF8&amp;t=h&amp;hl=da&amp;msa=0&amp;msid=214938658808198560444.0004a39f16f7c9092e9a3&amp;ll=56.486004,13.877106&amp;spn=0.593707,1.234589&amp;z=10\">sidste del af turen<\/a>, vil man m\u00f8de enkelte steder med st\u00e6rkere str\u00f8m.<\/p>\n<p>OBS OBS OBS OBS OBS !!!<\/p>\n<p>Der kan ikke sejles mellem Visseltofta og Skeingesj\u00f6n, hvorfor det ikke er muligt at sejle hele vejen til Osby.<\/p>\n<h2>Hvorn\u00e5r kan vi komme afsted<\/h2>\n<p>I perioden fra maj \u2013 septemper kan der arrangeres ture af kortere eller l\u00e6ngere varighed, weekends eller institutions\/skole ture fra mandag til fredag.<br \/>\nVi vil i denne s\u00e6son i h\u00f8jere grad satse p\u00e5 at betjene sm\u00e5 og st\u00f8rre grupper og kun i det omfang der allerede afvikles gruppeture, \u00e5bne for enkelte individuelle ture i disse perioder.<\/p>\n<h2>Kano checks p\u00e5 Helge \u00c5<\/h2>\n<p>Grupper er forpligtet til at anvende de forberedte lejrpladser p\u00e5 str\u00e6kningen fra Virestadsj\u00f6n til Osby, ved k\u00f8b af overnatningschecks. Ved grupper p\u00e5 4 kanoer eller derover vil betalingen for kanochecks allerede finde sted ved bestilling.<br \/>\nLejrpladserne er overvejende private pladser og der kan p\u00e5 enkelte af dem v\u00e6re et h\u00f8jere serviceniveau, hvor der kan v\u00e6re en merpris udover kanochecks. Kanocheck systemet administreres af \u00c4lmhult Kommune og forhandles via turistkontoret, samt af udlejere og plads-ejerne.<\/p>\n<p>Kano checks koster kr. 100,- pr. overnatning pr. kano og kan k\u00f8bes ved rejsens begyndelse.<br \/>\nSe endvidere afsnittet om Kanochecks under Priser<\/p>\n","protected":false},"excerpt":{"rendered":"<p>Velkommen til Kano Ekspressen &#8211; for en tryg kanotur gennem noget af det smukkeste natur i det sydlige Sverige Den&nbsp;&nbsp;200 km. lange Helge \u00c5 i det sydlige Sm\u00e5land, byder p\u00e5 mange sp\u00e6ndende oplevelser. Med sin stille og til tider kraftige str\u00f8m, snor den sig ned gennem Sm\u00e5lands smukke natur, fra Garanhulta Sj\u00f6n nord for Virestad [&hellip;]<\/p>\n","protected":false},"author":1,"featured_media":0,"parent":0,"menu_order":0,"comment_status":"open","ping_status":"open","template":"","meta":[],"aioseo_notices":[],"_links":{"self":[{"href":"https:\/\/www.kanoekspressen.dk\/index.php?rest_route=\/wp\/v2\/pages\/5"}],"collection":[{"href":"https:\/\/www.kanoekspressen.dk\/index.php?rest_route=\/wp\/v2\/pages"}],"about":[{"href":"https:\/\/www.kanoekspressen.dk\/index.php?rest_route=\/wp\/v2\/types\/page"}],"author":[{"embeddable":true,"href":"https:\/\/www.kanoekspressen.dk\/index.php?rest_route=\/wp\/v2\/users\/1"}],"replies":[{"embeddable":true,"href":"https:\/\/www.kanoekspressen.dk\/index.php?rest_route=%2Fwp%2Fv2%2Fcomments&post=5"}],"version-history":[{"count":61,"href":"https:\/\/www.kanoekspressen.dk\/index.php?rest_route=\/wp\/v2\/pages\/5\/revisions"}],"predecessor-version":[{"id":625,"href":"https:\/\/www.kanoekspressen.dk\/index.php?rest_route=\/wp\/v2\/pages\/5\/revisions\/625"}],"wp:attachment":[{"href":"https:\/\/www.kanoekspressen.dk\/index.php?rest_route=%2Fwp%2Fv2%2Fmedia&parent=5"}],"curies":[{"name":"wp","href":"https:\/\/api.w.org\/{rel}","templated":true}]}}