{"id":221,"date":"2010-02-28T21:03:29","date_gmt":"2010-02-28T21:03:29","guid":{"rendered":"http:\/\/kano.bestinclass.dk\/?page_id=221"},"modified":"2023-07-13T10:59:37","modified_gmt":"2023-07-13T09:59:37","slug":"bestillings-og-rejsevilkar","status":"publish","type":"page","link":"https:\/\/www.kanoekspressen.dk\/?page_id=221","title":{"rendered":"Vilk\u00e5r"},"content":{"rendered":"<p><strong>Bestilling<\/strong>:<br \/>\nBestilling foretages skriftligt til KANO\u2022EKSPRESSEN og er bindende. Hvorefter vil du modtage en lejeaftale.<br \/>\n<strong>Depositum<\/strong>:<br \/>\nN\u00e5r du har bestilt kanoerne skal der indbetales et depositum p\u00e5 50 % af den samlede pris, seneste 5 dage efter fakturadato.<br \/>\n<strong>Restbel\u00f8bet<\/strong>:<br \/>\nRestbel\u00f8bet skal v\u00e6re os i h\u00e6nde senest 1. m\u00e5ned f\u00f8r afrejse, uden p\u00e5krav fra vores side.<br \/>\nBestiller du mindre end en m\u00e5ned f\u00f8r, skal hele bel\u00f8bet indbetales senest 5 dage efter fakturadato, dog ikke senere end den dato udlejning finder sted.<br \/>\n<strong>Ansvarsbestemmelser<\/strong>:<br \/>\nDu vil ikke blive draget til ansvar for skader opst\u00e5et, som f\u00f8lge af alm. brug eller slitage. Men ved skader opst\u00e5et grundet misbrug, fors\u00f8mmelser eller h\u00e6rv\u00e6rk fra deltagernes side, vil KANO EKSPRESSEN forlange det beskadigede udstyr erstattet.<br \/>\n<strong> \u00c6ndringer:<\/strong><br \/>\n\u00c6ndringer i en bestilling skal aftales telefonisk eller skriftligt senest 1. uge inden afrejse. Ved telefonisk kontakt not\u00e9r venligst hvem du har aftalt \u00e6ndringen med.<br \/>\n<strong> Afbrydelse af turen:<\/strong><br \/>\nDet er som hovedregel ikke muligt at afbryde turen undervejs. Skulle det v\u00e6re p\u00e5kr\u00e6vet st\u00e5r vi naturligvis til r\u00e5dighed, men vil kr\u00e6ve evt. omkostninger d\u00e6kket.<br \/>\n<strong>Afbestilling<\/strong>:<br \/>\nVed afbestilling mere end 1. m\u00e5ned f\u00f8r medf\u00f8rer et afbestillingsgebyr p\u00e5 kr. 75,00 pr. kano. Afbestilling mindre end 1. m\u00e5ned inden afrejse, medf\u00f8rer tab 25%, fra 14 dage til 1. uge f\u00f8r afrejse medf\u00f8rer tab af depositum. Under en uge medf\u00f8rer tab af hele bel\u00f8bet<br \/>\nDet betragtes ikke som afbestilling s\u00e5fremt man blot undlader at betale fremsendt lejeaftale.<br \/>\n<strong>Afbestilling skal altid meddeles skriftligt.<\/strong><\/p>\n","protected":false},"excerpt":{"rendered":"<p>Bestilling: Bestilling foretages skriftligt til KANO\u2022EKSPRESSEN og er bindende. Hvorefter vil du modtage en lejeaftale. Depositum: N\u00e5r du har bestilt kanoerne skal der indbetales et depositum p\u00e5 50 % af den samlede pris, seneste 5 dage efter fakturadato. Restbel\u00f8bet: Restbel\u00f8bet skal v\u00e6re os i h\u00e6nde senest 1. m\u00e5ned f\u00f8r afrejse, uden p\u00e5krav fra vores side. [&hellip;]<\/p>\n","protected":false},"author":1,"featured_media":0,"parent":0,"menu_order":9,"comment_status":"open","ping_status":"open","template":"","meta":[],"aioseo_notices":[],"_links":{"self":[{"href":"https:\/\/www.kanoekspressen.dk\/index.php?rest_route=\/wp\/v2\/pages\/221"}],"collection":[{"href":"https:\/\/www.kanoekspressen.dk\/index.php?rest_route=\/wp\/v2\/pages"}],"about":[{"href":"https:\/\/www.kanoekspressen.dk\/index.php?rest_route=\/wp\/v2\/types\/page"}],"author":[{"embeddable":true,"href":"https:\/\/www.kanoekspressen.dk\/index.php?rest_route=\/wp\/v2\/users\/1"}],"replies":[{"embeddable":true,"href":"https:\/\/www.kanoekspressen.dk\/index.php?rest_route=%2Fwp%2Fv2%2Fcomments&post=221"}],"version-history":[{"count":11,"href":"https:\/\/www.kanoekspressen.dk\/index.php?rest_route=\/wp\/v2\/pages\/221\/revisions"}],"predecessor-version":[{"id":597,"href":"https:\/\/www.kanoekspressen.dk\/index.php?rest_route=\/wp\/v2\/pages\/221\/revisions\/597"}],"wp:attachment":[{"href":"https:\/\/www.kanoekspressen.dk\/index.php?rest_route=%2Fwp%2Fv2%2Fmedia&parent=221"}],"curies":[{"name":"wp","href":"https:\/\/api.w.org\/{rel}","templated":true}]}}