{"id":17,"date":"2010-02-02T17:44:29","date_gmt":"2010-02-02T17:44:29","guid":{"rendered":"http:\/\/frimann.l\/?page_id=17"},"modified":"2016-03-26T12:02:31","modified_gmt":"2016-03-26T12:02:31","slug":"bestilling","status":"publish","type":"page","link":"https:\/\/www.kanoekspressen.dk\/?page_id=17","title":{"rendered":"Bestilling"},"content":{"rendered":"<br \/>\n<h2>Ved bestilling mailes f\u00f8lgende oplysninger<\/h2>\n<p>Personlige oplysninger<\/h2>\n<table style=\"border: 0; width: 95%;\">\n<td class=\"tekst\"> Fulde navn <\/td>\n<tr>\n<td> Telefon <\/td>\n<tr>\n<td> Email <\/td>\n<tr>\n<td> Adresse <\/td>\n<tr>\n<td> Postnr\/By <\/td>\n<tr>\n<td> Antal voksne<\/td>\n<\/tr>\n<tr>\n<td> Antal b\u00f8rn  <br \/><i>(t.o.m. 10 \u00e5r)<\/i> <\/td>\n<\/tr>\n<\/table>\n<h2 style=\"margin-top: 15px;\"> Turvalg <\/h2>\n<table style=\"border: 0; width: 95%;\">\n<tr>\n<td class=\"tekst\"> Kano-Pakke <\/td>\n<tr>\n<td> Periode <\/td>\n<tr>\n<\/table>\n<h2 style=\"margin-top: 15px;\">  <\/h2>\n<div style=\"width: 90%; text-align: center;\">\n<p><a href=\"\/?page_id=221\" target=\"_new\">Bestillings og rejsevilk\u00e5r<\/a><\/p>\n<p><\/p>\n<\/div>\n<\/table>\n<\/form>\n<p><script type=\"text\/javascript\">\n$(\"select option\").css('background-color', 'black').css('color', 'white');\n$(\"select, input:checkbox, input:radio, input:file\").uniform();\n<\/script><\/p>\n","protected":false},"excerpt":{"rendered":"<p>Ved bestilling mailes f\u00f8lgende oplysninger Personlige oplysninger Fulde navn Telefon Email Adresse Postnr\/By Antal voksne Antal b\u00f8rn (t.o.m. 10 \u00e5r) Turvalg Kano-Pakke Periode Bestillings og rejsevilk\u00e5r<\/p>\n","protected":false},"author":1,"featured_media":0,"parent":0,"menu_order":3,"comment_status":"open","ping_status":"open","template":"","meta":[],"aioseo_notices":[],"_links":{"self":[{"href":"https:\/\/www.kanoekspressen.dk\/index.php?rest_route=\/wp\/v2\/pages\/17"}],"collection":[{"href":"https:\/\/www.kanoekspressen.dk\/index.php?rest_route=\/wp\/v2\/pages"}],"about":[{"href":"https:\/\/www.kanoekspressen.dk\/index.php?rest_route=\/wp\/v2\/types\/page"}],"author":[{"embeddable":true,"href":"https:\/\/www.kanoekspressen.dk\/index.php?rest_route=\/wp\/v2\/users\/1"}],"replies":[{"embeddable":true,"href":"https:\/\/www.kanoekspressen.dk\/index.php?rest_route=%2Fwp%2Fv2%2Fcomments&post=17"}],"version-history":[{"count":165,"href":"https:\/\/www.kanoekspressen.dk\/index.php?rest_route=\/wp\/v2\/pages\/17\/revisions"}],"predecessor-version":[{"id":470,"href":"https:\/\/www.kanoekspressen.dk\/index.php?rest_route=\/wp\/v2\/pages\/17\/revisions\/470"}],"wp:attachment":[{"href":"https:\/\/www.kanoekspressen.dk\/index.php?rest_route=%2Fwp%2Fv2%2Fmedia&parent=17"}],"curies":[{"name":"wp","href":"https:\/\/api.w.org\/{rel}","templated":true}]}}