{"id":15,"date":"2010-02-02T17:44:15","date_gmt":"2010-02-02T17:44:15","guid":{"rendered":"http:\/\/frimann.l\/?page_id=15"},"modified":"2024-05-25T09:30:31","modified_gmt":"2024-05-25T08:30:31","slug":"priser","status":"publish","type":"page","link":"https:\/\/www.kanoekspressen.dk\/?page_id=15","title":{"rendered":"Priser"},"content":{"rendered":"<h1 style=\"margin-bottom: 5px;\">PRISER<\/h1>\n<p>Alle priser er i danske kroner.<br \/>\nDe anf\u00f8rte pakkepriser er pr. kano og tager udgangspunkt i ugeture.<br \/>\nIndeholdt i prisen er valgfri start og slut sted, samt returk\u00f8rsel af kanoer.<br \/>\nDog med det forbehold at de valgte destinationer ligger i umiddelbar n\u00e6rhed af en farbar vej, hvor vores biler med kanotrailer har adgang.<\/p>\n<p>Har man selv brug for transport tilbage til bil, vil prisen for dette v\u00e6re kr. 500,- pr. tur.<br \/>\n<strong>Af sikkerheds hensyn kan der maximalt v\u00e6re 2 voksne og 1 barn pr. kano<\/strong><\/p>\n<table style=\"border: 0pt none; margin: auto; width: 100%; text-align: left; vertical-align: top; left: 15px; margin-bottom: 15px;\">\n<tbody>\n<tr>\n<td style=\"width: 175px; background-color: #1e1e1e;\">\n<h3 style=\"text-align: center;\"><span style=\"color: #ffffff;\">KANO PAKKE I<\/span><\/h3>\n<h3 style=\"text-align: center;\"><span style=\"color: #ffffff;\">1. Uge <\/span><\/h3>\n<h3 style=\"text-align: center;\"><span style=\"color: #ffffff;\">Kr. 2.200,-<\/span><\/h3>\n<\/td>\n<td style=\"background-color: #1e1e1e;\"><span style=\"color: #ffffff;\">Denne pakke er velegnet til jer der har v\u00e6ret p\u00e5 kanotur f\u00f8r og selv har det meste udstyr.<\/span><\/p>\n<p><span style=\"color: #ffffff;\">Kano, padler, sv\u00f8mmevest, kort, spand, svamp samt kanovogn. Antal efter vores sk\u00f8n.<\/span><\/p>\n<p><span style=\"color: #ffffff;\"><br \/>\n<\/span><\/td>\n<\/tr>\n<tr>\n<td style=\"width: 175px; background-color: #1e1e1e;\"><span style=\"color: #ffffff;\"> <\/span><\/p>\n<h3 style=\"text-align: center;\"><span style=\"color: #ffffff;\">KANO PAKKE II<\/span><\/h3>\n<h3 style=\"text-align: center;\"><span style=\"color: #ffffff;\">1. Uge <\/span><\/h3>\n<h3 style=\"text-align: center;\"><span style=\"color: #ffffff;\">Kr. 2.750,-<\/span><\/h3>\n<\/td>\n<td style=\"background-color: #1e1e1e;\"><span style=\"color: #ffffff;\">Denne pakke er velgnet til jer der ikke \u00f8nsker at lave de store forberedelser hjemmefra.<\/span>.<\/p>\n<p><span style=\"color: #ffffff;\">Som kanopakke I + 1 pakt\u00f8nde, toiletspade og papir, stormk\u00f8kken, bestik, tallerkener, krus, grydeskeer, grydesvamp, opvaskemiddel, d\u00e5se\u00e5bner, \u00f8kse, vanddunk, sprit\/gas, t\u00e6ndstikker og liggeunderlag.<\/span><\/td>\n<\/tr>\n<tr style=\"margin-bottom: 15px;\">\n<td style=\"width: 175px; background-color: #1e1e1e;\">\n<h3 style=\"text-align: center;\"><span style=\"color: #ffffff;\">SKOLER \/ INSTITUTIONER<\/span><\/h3>\n<\/td>\n<td style=\"vertical-align: top; background-color: #1e1e1e;\"><span style=\"color: #ffffff;\">RABATTER GIVES<\/span><\/p>\n<p><span style=\"color: #ffffff;\">ANMOD OM TILBUD<\/span><\/p>\n<p><span style=\"color: #ffffff;\">Transport kan arrangeres v. min. 20 personer.<\/span><\/td>\n<\/tr>\n<tr style=\"margin-bottom: 15px;\">\n<td style=\"width: 175px; background-color: #1e1e1e;\">\n<h3 style=\"text-align: center;\"><span style=\"color: #ffffff;\">KANO CHECKS<\/span><\/h3>\n<\/td>\n<td style=\"vertical-align: top; background-color: #1e1e1e;\"><span style=\"color: #ffffff;\">Ved stop p\u00e5 etablerede lejrpladser langs ruten, skal man minimum betale <strong>Kr. 100 \/ nat pr. kano<\/strong> P\u00e5 lejrpladsen <strong>S\u00e5gan\u00e4s<\/strong>, koster det kr. 100 \/ nat pr. person (over 12 \u00e5r) og ved <strong>Sams Camp<\/strong> kan man ikke anvende Kanochecks, men kontant kr. 100\/ nat pr. person <\/span><\/td>\n<\/tr>\n<tr style=\"margin-bottom: 15px;\">\n<td style=\"width: 175px; background-color: #1e1e1e;\">\n<h3 style=\"text-align: center;\"><span style=\"color: #ff9900;\">DAGSPRISER<\/span><\/h3>\n<\/td>\n<td style=\"vertical-align: top; background-color: #1e1e1e;\"><span style=\"color: #ffffff;\"><\/p>\n<p><span style=\"color: #ffffff;\">Pakke     I    &#8211;       kr. 350,- <strong><\/strong><\/span><\/p>\n<p><span style=\"color: #ffffff;\">Pakke    II   &#8211;       kr. 450,- <strong><\/strong><\/span><\/p>\n<p><span style=\"color: #ffffff;\">Kajak       &#8211;       kr. 250,- <strong><\/strong><\/span><\/p>\n<p><strong>Minimums lejeperiode 3 dage<\/strong><br \/>\n<span style=\"color: #ffffff;\"><br \/>\n<\/span><\/p>\n<p><\/span><\/td>\n<\/tr>\n<\/tbody>\n<\/table>\n","protected":false},"excerpt":{"rendered":"<p>PRISER Alle priser er i danske kroner. De anf\u00f8rte pakkepriser er pr. kano og tager udgangspunkt i ugeture. Indeholdt i prisen er valgfri start og slut sted, samt returk\u00f8rsel af kanoer. Dog med det forbehold at de valgte destinationer ligger i umiddelbar n\u00e6rhed af en farbar vej, hvor vores biler med kanotrailer har adgang. Har [&hellip;]<\/p>\n","protected":false},"author":1,"featured_media":0,"parent":0,"menu_order":3,"comment_status":"open","ping_status":"open","template":"","meta":[],"aioseo_notices":[],"_links":{"self":[{"href":"https:\/\/www.kanoekspressen.dk\/index.php?rest_route=\/wp\/v2\/pages\/15"}],"collection":[{"href":"https:\/\/www.kanoekspressen.dk\/index.php?rest_route=\/wp\/v2\/pages"}],"about":[{"href":"https:\/\/www.kanoekspressen.dk\/index.php?rest_route=\/wp\/v2\/types\/page"}],"author":[{"embeddable":true,"href":"https:\/\/www.kanoekspressen.dk\/index.php?rest_route=\/wp\/v2\/users\/1"}],"replies":[{"embeddable":true,"href":"https:\/\/www.kanoekspressen.dk\/index.php?rest_route=%2Fwp%2Fv2%2Fcomments&post=15"}],"version-history":[{"count":120,"href":"https:\/\/www.kanoekspressen.dk\/index.php?rest_route=\/wp\/v2\/pages\/15\/revisions"}],"predecessor-version":[{"id":624,"href":"https:\/\/www.kanoekspressen.dk\/index.php?rest_route=\/wp\/v2\/pages\/15\/revisions\/624"}],"wp:attachment":[{"href":"https:\/\/www.kanoekspressen.dk\/index.php?rest_route=%2Fwp%2Fv2%2Fmedia&parent=15"}],"curies":[{"name":"wp","href":"https:\/\/api.w.org\/{rel}","templated":true}]}}