{"id":11,"date":"2010-02-02T17:18:40","date_gmt":"2010-02-02T17:18:40","guid":{"rendered":"http:\/\/frimann.l\/?page_id=11"},"modified":"2022-10-27T09:09:03","modified_gmt":"2022-10-27T08:09:03","slug":"faq","status":"publish","type":"page","link":"https:\/\/www.kanoekspressen.dk\/?page_id=11","title":{"rendered":"FAQ"},"content":{"rendered":"<h1>FAQ<\/h1>\n<h2>&#8211; de mest g\u00e6ngse sp\u00f8rgsm\u00e5l<\/h2>\n<p><br class=\"spacer\"><\/p>\n<h3>Q: Kan man kun komme afsted p\u00e5 ugeture?<\/h3>\n<p>A: Nej! Det er muligt at arrangere ture fra midten af maj til september, som er individuelt tilpasset. Du kan selv k\u00f8re med bil eller tog til Sm\u00e5land, hvor vi vil v\u00e6re klar til at sende jer afsted.<\/p>\n<h3>Q: Kan jeg handle ind p\u00e5 vejen?<\/h3>\n<p>A: &nbsp;Der er indk\u00f8bsmuligheder f\u00f8rste gang i Di\u00f6, samt Liatorp ca. 4 km fra Di\u00f6, en rask lille g\u00e5tur efter et par dage i kanoen. I Di\u00f6 er der en kiosk og Pizzeria. Efter Di\u00f6 kan man sejle en tur til \u00c4lmhult, som er en stor by der har det hele.<\/p>\n<h3>Q: Kan man drikke vand fra \u00e5er og s\u00f8erne?<\/h3>\n<p>A: Hvis man koger vandet, har vi ikke h\u00f8rt om nogen der er blevet d\u00e5rlige af at drikke vand fra s\u00f8er og \u00e5er. Men vi anbefaler at man medbringer dunke, som man kan fylde med rent drikkevand flere steder p\u00e5 ruten.<\/p>\n<h3>Q: Er der s\u00e6rlige regler for overnatning?<\/h3>\n<p>A: Hvis man er en gruppe, skal man anvende de forberedte lejrpladser. Pris kr. 100,00 pr. kano pr. nat. Billetter kan k\u00f8bes hos os. Hvis man ikke er en gruppe, kan man l\u00e6gge sig n\u00e6sten hvor man vil (Allemansretten), men v\u00e6lger man en af de forberedte pladser, koster det naturligvis ogs\u00e5 og man skal have k\u00f8bt billetter p\u00e5 forh\u00e5nd.<\/p>\n<h3>Q: Hvor langt skal vi sejle per dag?<\/h3>\n<p>A: Turen til Delary er p\u00e5 ca. 76 km og turen til Osby ca. 105 km . Det varierer meget hvor langt man kan sejle pr. dag, men v\u00e6lger man at sejle til Osby skal man helst v\u00e6re ude af M\u00f6cklen senest onsdag. Frem til Delary er der ikke det store slid og \u00e5en er forholdsvis behersket. Efter Delary er der en del mere gang i vandet, flere fosser og nogen st\u00f8rre udfordringer.<\/p>\n<h3>Q: Hvad g\u00f8r vi mht. fiskekort?<\/h3>\n<p>A: Fiskekort kan v\u00e6re vanskelige at k\u00f8be, idet man ikke naturligt kommer forbi de butikker som s\u00e6lger kortene. Men til omr\u00e5derne omkring M\u00f6cklen kan man k\u00f8be fiskekort  i Di\u00f6\/Liatorp.&nbsp;B\u00f8rn op til 16 \u00e5r m\u00e5 fiske uden fiskekort. Og de sidste par kilometer af \u00e5en og hele Osbysj\u00f6n kr\u00e6ver intet fiskekort, for hverken b\u00f8rn eller voksne.<\/p>\n<h3>Q: Kan jeg bruge dansk valuta i Sverige?<\/h3>\n<p>A: Vi har h\u00f8rt at man kan betale med danske penge, i forskellige kiosker og butikker, men kursen er ikke tiltalende, s\u00e5 brug helst svenske penge, man kan veksle p\u00e5 f\u00e6rgen.<\/p>\n","protected":false},"excerpt":{"rendered":"<p>FAQ &#8211; de mest g\u00e6ngse sp\u00f8rgsm\u00e5l Q: Kan man kun komme afsted p\u00e5 ugeture? A: Nej! Det er muligt at arrangere ture fra midten af maj til september, som er individuelt tilpasset. Du kan selv k\u00f8re med bil eller tog til Sm\u00e5land, hvor vi vil v\u00e6re klar til at sende jer afsted. Q: Kan jeg [&hellip;]<\/p>\n","protected":false},"author":1,"featured_media":0,"parent":0,"menu_order":4,"comment_status":"open","ping_status":"open","template":"","meta":[],"aioseo_notices":[],"_links":{"self":[{"href":"https:\/\/www.kanoekspressen.dk\/index.php?rest_route=\/wp\/v2\/pages\/11"}],"collection":[{"href":"https:\/\/www.kanoekspressen.dk\/index.php?rest_route=\/wp\/v2\/pages"}],"about":[{"href":"https:\/\/www.kanoekspressen.dk\/index.php?rest_route=\/wp\/v2\/types\/page"}],"author":[{"embeddable":true,"href":"https:\/\/www.kanoekspressen.dk\/index.php?rest_route=\/wp\/v2\/users\/1"}],"replies":[{"embeddable":true,"href":"https:\/\/www.kanoekspressen.dk\/index.php?rest_route=%2Fwp%2Fv2%2Fcomments&post=11"}],"version-history":[{"count":11,"href":"https:\/\/www.kanoekspressen.dk\/index.php?rest_route=\/wp\/v2\/pages\/11\/revisions"}],"predecessor-version":[{"id":584,"href":"https:\/\/www.kanoekspressen.dk\/index.php?rest_route=\/wp\/v2\/pages\/11\/revisions\/584"}],"wp:attachment":[{"href":"https:\/\/www.kanoekspressen.dk\/index.php?rest_route=%2Fwp%2Fv2%2Fmedia&parent=11"}],"curies":[{"name":"wp","href":"https:\/\/api.w.org\/{rel}","templated":true}]}}